{"id":93,"date":"2024-12-26T04:18:52","date_gmt":"2024-12-26T11:18:52","guid":{"rendered":"https:\/\/completevein.wpenginepowered.com\/?page_id=93"},"modified":"2026-01-21T11:12:48","modified_gmt":"2026-01-21T18:12:48","slug":"contacto","status":"publish","type":"page","link":"https:\/\/completeveincare.com\/es\/contact\/","title":{"rendered":"Reservar una consulta"},"content":{"rendered":"<div data-elementor-type=\"wp-page\" data-elementor-id=\"93\" class=\"elementor elementor-93\" data-elementor-post-type=\"page\">\n\t\t\t\t<div class=\"elementor-element elementor-element-6227a7a e-flex e-con-boxed e-con e-parent\" data-id=\"6227a7a\" data-element_type=\"container\" data-e-type=\"container\">\n\t\t\t\t\t<div class=\"e-con-inner\">\n\t\t\t\t<div class=\"elementor-element elementor-element-943b0cd elementor-widget elementor-widget-heading\" data-id=\"943b0cd\" data-element_type=\"widget\" data-e-type=\"widget\" data-widget_type=\"heading.default\">\n\t\t\t\t<div class=\"elementor-widget-container\">\n\t\t\t\t\t<h1 class=\"elementor-heading-title elementor-size-default\">\u00a1Supere el dolor y la verg\u00fcenza con sus piernas hoy mismo!<\/h1>\t\t\t\t<\/div>\n\t\t\t\t<\/div>\n\t\t\t\t<div class=\"elementor-element elementor-element-6191552 elementor-widget elementor-widget-text-editor\" data-id=\"6191552\" data-element_type=\"widget\" data-e-type=\"widget\" data-widget_type=\"text-editor.default\">\n\t\t\t\t<div class=\"elementor-widget-container\">\n\t\t\t\t\t\t\t\t\t<p>Despu\u00e9s de completar el formulario, recibir\u00e1 una llamada de un asesor de salud. All\u00ed comprenderemos mejor sus necesidades, le explicaremos nuestro proceso y determinaremos su elegibilidad. Tambi\u00e9n puede llamarnos al (206) 865-0193.<\/p>\t\t\t\t\t\t\t\t<\/div>\n\t\t\t\t<\/div>\n\t\t\t\t\t<\/div>\n\t\t\t\t<\/div>\n\t\t<div class=\"elementor-element elementor-element-3cc1c7c e-flex e-con-boxed e-con e-parent\" data-id=\"3cc1c7c\" data-element_type=\"container\" data-e-type=\"container\">\n\t\t\t\t\t<div class=\"e-con-inner\">\n\t\t<div class=\"elementor-element elementor-element-316e79d e-con-full e-flex e-con e-child\" data-id=\"316e79d\" data-element_type=\"container\" data-e-type=\"container\">\n\t\t\t\t<div class=\"elementor-element elementor-element-d35f0db elementor-widget elementor-widget-heading\" data-id=\"d35f0db\" data-element_type=\"widget\" data-e-type=\"widget\" data-widget_type=\"heading.default\">\n\t\t\t\t<div class=\"elementor-widget-container\">\n\t\t\t\t\t<h2 class=\"elementor-heading-title elementor-size-default\">\u00a1Reserve una consulta!<\/h2>\t\t\t\t<\/div>\n\t\t\t\t<\/div>\n\t\t\t\t<div class=\"elementor-element elementor-element-0d2cb46 elementor-widget elementor-widget-html\" data-id=\"0d2cb46\" data-element_type=\"widget\" data-e-type=\"widget\" data-widget_type=\"html.default\">\n\t\t\t\t<div class=\"elementor-widget-container\">\n\t\t\t\t\t<div id=\"cr-form-FOR8c998fe73d464980853150dac02ff45a\"><\/div>\t\t\t\t<\/div>\n\t\t\t\t<\/div>\n\t\t\t\t<div class=\"elementor-element elementor-element-b6f41f7 elementor-widget elementor-widget-image\" data-id=\"b6f41f7\" data-element_type=\"widget\" data-e-type=\"widget\" data-widget_type=\"image.default\">\n\t\t\t\t<div class=\"elementor-widget-container\">\n\t\t\t\t\t\t\t\t\t\t\t\t\t\t\t<img decoding=\"async\" src=\"https:\/\/completeveincare.com\/wp-content\/uploads\/2024\/12\/credible-icons-1.png\" title=\"\" alt=\"\" loading=\"lazy\" \/>\t\t\t\t\t\t\t\t\t\t\t\t\t\t\t<\/div>\n\t\t\t\t<\/div>\n\t\t\t\t<\/div>\n\t\t\t\t\t<\/div>\n\t\t\t\t<\/div>\n\t\t\t\t<\/div>","protected":false},"excerpt":{"rendered":"<p>Overcome Pain &amp; Embarrassment With Your Legs Today! After you fill out the form you will receive a call from a health advisor. Here we will better understand your needs, explain our process, and determine your eligibility. Alternatively, you can call us at . Book a Consultation!<\/p>","protected":false},"author":6,"featured_media":0,"parent":0,"menu_order":0,"comment_status":"closed","ping_status":"closed","template":"","meta":{"_acf_changed":false,"om_disable_all_campaigns":false,"footnotes":""},"class_list":["post-93","page","type-page","status-publish","hentry"],"acf":[],"yoast_head":"<!-- This site is optimized with the Yoast SEO plugin v27.3 - https:\/\/yoast.com\/product\/yoast-seo-wordpress\/ -->\n<title>Book A Consult - Complete Vein Care<\/title>\n<meta name=\"description\" content=\"Book a consultation at Complete Vein Care for expert care and personalized treatment for varicose veins, spider veins, and leg pain. Schedule now!\" \/>\n<meta name=\"robots\" content=\"index, follow, max-snippet:-1, max-image-preview:large, max-video-preview:-1\" \/>\n<link rel=\"canonical\" href=\"https:\/\/completeveincare.com\/es\/contacto\/\" \/>\n<meta property=\"og:locale\" content=\"es_ES\" \/>\n<meta property=\"og:type\" content=\"article\" \/>\n<meta property=\"og:title\" content=\"Book A Consult - Complete Vein Care\" \/>\n<meta property=\"og:description\" content=\"Book a consultation at Complete Vein Care for expert care and personalized treatment for varicose veins, spider veins, and leg pain. Schedule now!\" \/>\n<meta property=\"og:url\" content=\"https:\/\/completeveincare.com\/es\/contacto\/\" \/>\n<meta property=\"og:site_name\" content=\"Complete Vein Care\" \/>\n<meta property=\"article:modified_time\" content=\"2026-01-21T18:12:48+00:00\" \/>\n<meta property=\"og:image\" content=\"https:\/\/completeveincare.com\/wp-content\/uploads\/2024\/12\/credible-icons-1.png\" \/>\n<meta name=\"twitter:card\" content=\"summary_large_image\" \/>\n<meta name=\"twitter:label1\" content=\"Tiempo de lectura\" \/>\n\t<meta name=\"twitter:data1\" content=\"1 minuto\" \/>\n<script type=\"application\/ld+json\" class=\"yoast-schema-graph\">{\"@context\":\"https:\\\/\\\/schema.org\",\"@graph\":[{\"@type\":\"WebPage\",\"@id\":\"https:\\\/\\\/completeveincare.com\\\/contact\\\/\",\"url\":\"https:\\\/\\\/completeveincare.com\\\/contact\\\/\",\"name\":\"Book A Consult - Complete Vein Care\",\"isPartOf\":{\"@id\":\"https:\\\/\\\/completeveincare.com\\\/#website\"},\"primaryImageOfPage\":{\"@id\":\"https:\\\/\\\/completeveincare.com\\\/contact\\\/#primaryimage\"},\"image\":{\"@id\":\"https:\\\/\\\/completeveincare.com\\\/contact\\\/#primaryimage\"},\"thumbnailUrl\":\"https:\\\/\\\/completeveincare.com\\\/wp-content\\\/uploads\\\/2024\\\/12\\\/credible-icons-1.png\",\"datePublished\":\"2024-12-26T11:18:52+00:00\",\"dateModified\":\"2026-01-21T18:12:48+00:00\",\"description\":\"Book a consultation at Complete Vein Care for expert care and personalized treatment for varicose veins, spider veins, and leg pain. Schedule now!\",\"breadcrumb\":{\"@id\":\"https:\\\/\\\/completeveincare.com\\\/contact\\\/#breadcrumb\"},\"inLanguage\":\"es\",\"potentialAction\":[{\"@type\":\"ReadAction\",\"target\":[\"https:\\\/\\\/completeveincare.com\\\/contact\\\/\"]}]},{\"@type\":\"ImageObject\",\"inLanguage\":\"es\",\"@id\":\"https:\\\/\\\/completeveincare.com\\\/contact\\\/#primaryimage\",\"url\":\"https:\\\/\\\/completeveincare.com\\\/wp-content\\\/uploads\\\/2024\\\/12\\\/credible-icons-1.png\",\"contentUrl\":\"https:\\\/\\\/completeveincare.com\\\/wp-content\\\/uploads\\\/2024\\\/12\\\/credible-icons-1.png\"},{\"@type\":\"BreadcrumbList\",\"@id\":\"https:\\\/\\\/completeveincare.com\\\/contact\\\/#breadcrumb\",\"itemListElement\":[{\"@type\":\"ListItem\",\"position\":1,\"name\":\"Home\",\"item\":\"https:\\\/\\\/completeveincare.com\\\/\"},{\"@type\":\"ListItem\",\"position\":2,\"name\":\"Book A Consult\"}]},{\"@type\":\"WebSite\",\"@id\":\"https:\\\/\\\/completeveincare.com\\\/#website\",\"url\":\"https:\\\/\\\/completeveincare.com\\\/\",\"name\":\"Complete Vein Care\",\"description\":\"\",\"publisher\":{\"@id\":\"https:\\\/\\\/completeveincare.com\\\/#organization\"},\"potentialAction\":[{\"@type\":\"SearchAction\",\"target\":{\"@type\":\"EntryPoint\",\"urlTemplate\":\"https:\\\/\\\/completeveincare.com\\\/?s={search_term_string}\"},\"query-input\":{\"@type\":\"PropertyValueSpecification\",\"valueRequired\":true,\"valueName\":\"search_term_string\"}}],\"inLanguage\":\"es\"},{\"@type\":\"Organization\",\"@id\":\"https:\\\/\\\/completeveincare.com\\\/#organization\",\"name\":\"Complete Vein Care\",\"url\":\"https:\\\/\\\/completeveincare.com\\\/\",\"logo\":{\"@type\":\"ImageObject\",\"inLanguage\":\"es\",\"@id\":\"https:\\\/\\\/completeveincare.com\\\/#\\\/schema\\\/logo\\\/image\\\/\",\"url\":\"https:\\\/\\\/completeveincare.com\\\/wp-content\\\/uploads\\\/2024\\\/12\\\/Logo.png\",\"contentUrl\":\"https:\\\/\\\/completeveincare.com\\\/wp-content\\\/uploads\\\/2024\\\/12\\\/Logo.png\",\"width\":1500,\"height\":452,\"caption\":\"Complete Vein Care\"},\"image\":{\"@id\":\"https:\\\/\\\/completeveincare.com\\\/#\\\/schema\\\/logo\\\/image\\\/\"}}]}<\/script>\n<!-- \/ Yoast SEO plugin. -->","yoast_head_json":{"title":"Reserva una consulta - Cuidado completo de las venas","description":"Reserve una consulta en Complete Vein Care para recibir atenci\u00f3n experta y un tratamiento personalizado para varices, ara\u00f1as vasculares y dolor de piernas. \u00a1Agende ahora!","robots":{"index":"index","follow":"follow","max-snippet":"max-snippet:-1","max-image-preview":"max-image-preview:large","max-video-preview":"max-video-preview:-1"},"canonical":"https:\/\/completeveincare.com\/es\/contacto\/","og_locale":"es_ES","og_type":"article","og_title":"Book A Consult - Complete Vein Care","og_description":"Book a consultation at Complete Vein Care for expert care and personalized treatment for varicose veins, spider veins, and leg pain. Schedule now!","og_url":"https:\/\/completeveincare.com\/es\/contacto\/","og_site_name":"Complete Vein Care","article_modified_time":"2026-01-21T18:12:48+00:00","og_image":[{"url":"https:\/\/completeveincare.com\/wp-content\/uploads\/2024\/12\/credible-icons-1.png","type":"","width":"","height":""}],"twitter_card":"summary_large_image","twitter_misc":{"Tiempo de lectura":"1 minuto"},"schema":{"@context":"https:\/\/schema.org","@graph":[{"@type":"WebPage","@id":"https:\/\/completeveincare.com\/contact\/","url":"https:\/\/completeveincare.com\/contact\/","name":"Reserva una consulta - Cuidado completo de las venas","isPartOf":{"@id":"https:\/\/completeveincare.com\/#website"},"primaryImageOfPage":{"@id":"https:\/\/completeveincare.com\/contact\/#primaryimage"},"image":{"@id":"https:\/\/completeveincare.com\/contact\/#primaryimage"},"thumbnailUrl":"https:\/\/completeveincare.com\/wp-content\/uploads\/2024\/12\/credible-icons-1.png","datePublished":"2024-12-26T11:18:52+00:00","dateModified":"2026-01-21T18:12:48+00:00","description":"Reserve una consulta en Complete Vein Care para recibir atenci\u00f3n experta y un tratamiento personalizado para varices, ara\u00f1as vasculares y dolor de piernas. \u00a1Agende ahora!","breadcrumb":{"@id":"https:\/\/completeveincare.com\/contact\/#breadcrumb"},"inLanguage":"es","potentialAction":[{"@type":"ReadAction","target":["https:\/\/completeveincare.com\/contact\/"]}]},{"@type":"ImageObject","inLanguage":"es","@id":"https:\/\/completeveincare.com\/contact\/#primaryimage","url":"https:\/\/completeveincare.com\/wp-content\/uploads\/2024\/12\/credible-icons-1.png","contentUrl":"https:\/\/completeveincare.com\/wp-content\/uploads\/2024\/12\/credible-icons-1.png"},{"@type":"BreadcrumbList","@id":"https:\/\/completeveincare.com\/contact\/#breadcrumb","itemListElement":[{"@type":"ListItem","position":1,"name":"Home","item":"https:\/\/completeveincare.com\/"},{"@type":"ListItem","position":2,"name":"Book A Consult"}]},{"@type":"WebSite","@id":"https:\/\/completeveincare.com\/#website","url":"https:\/\/completeveincare.com\/","name":"Cuidado completo de las venas","description":"","publisher":{"@id":"https:\/\/completeveincare.com\/#organization"},"potentialAction":[{"@type":"SearchAction","target":{"@type":"EntryPoint","urlTemplate":"https:\/\/completeveincare.com\/?s={search_term_string}"},"query-input":{"@type":"PropertyValueSpecification","valueRequired":true,"valueName":"search_term_string"}}],"inLanguage":"es"},{"@type":"Organization","@id":"https:\/\/completeveincare.com\/#organization","name":"Cuidado completo de las venas","url":"https:\/\/completeveincare.com\/","logo":{"@type":"ImageObject","inLanguage":"es","@id":"https:\/\/completeveincare.com\/#\/schema\/logo\/image\/","url":"https:\/\/completeveincare.com\/wp-content\/uploads\/2024\/12\/Logo.png","contentUrl":"https:\/\/completeveincare.com\/wp-content\/uploads\/2024\/12\/Logo.png","width":1500,"height":452,"caption":"Complete Vein Care"},"image":{"@id":"https:\/\/completeveincare.com\/#\/schema\/logo\/image\/"}}]}},"_links":{"self":[{"href":"https:\/\/completeveincare.com\/es\/wp-json\/wp\/v2\/pages\/93","targetHints":{"allow":["GET"]}}],"collection":[{"href":"https:\/\/completeveincare.com\/es\/wp-json\/wp\/v2\/pages"}],"about":[{"href":"https:\/\/completeveincare.com\/es\/wp-json\/wp\/v2\/types\/page"}],"author":[{"embeddable":true,"href":"https:\/\/completeveincare.com\/es\/wp-json\/wp\/v2\/users\/6"}],"replies":[{"embeddable":true,"href":"https:\/\/completeveincare.com\/es\/wp-json\/wp\/v2\/comments?post=93"}],"version-history":[{"count":0,"href":"https:\/\/completeveincare.com\/es\/wp-json\/wp\/v2\/pages\/93\/revisions"}],"wp:attachment":[{"href":"https:\/\/completeveincare.com\/es\/wp-json\/wp\/v2\/media?parent=93"}],"curies":[{"name":"wp","href":"https:\/\/api.w.org\/{rel}","templated":true}]}}